{"id":63,"date":"2013-12-19T13:16:52","date_gmt":"2013-12-19T13:16:52","guid":{"rendered":"http:\/\/www.ejeatb.es\/?page_id=63"},"modified":"2023-04-24T09:40:34","modified_gmt":"2023-04-24T09:40:34","slug":"tours-virtuales-360o","status":"publish","type":"page","link":"https:\/\/www.ejeatb.es\/?page_id=63","title":{"rendered":"Tours Virtuales 360\u00ba"},"content":{"rendered":"<p style=\"text-align: justify;\">\u00a0 El Tour Virtual \u00a0o visitas virtuales, es una de las herramientas mas eficaces para la visualizaci\u00f3n interactiva\u00a0de todo tipo de lugares y localizaciones. Las panor\u00e1micas basadas en fotograf\u00eda esf\u00e9rica 360\u00ba\u00a0permiten una visibilidad 100% en todas direcciones, permitiendo al observador un\u00a0conocimiento inmediato y fiel de un espacio o lugar de su inter\u00e9s. La inmediatez y calidad de\u00a0acceso y visualizaci\u00f3n que se consigue gracias al Tour Virtual lo convierten en un elemento\u00a0decisivo a la hora de comprar, contratar o visitar el espacio visualizado sobre otro.<br \/>\nEn Ejea TB Producciones Audiovisuales, estamos empleando esta t\u00e9cnica, ya que\u00a0estamos plenamente convencidos de su utilidad en infinidad de situaciones, desde\u00a0aplicaciones profesionales en el campo de la arquitectura, turismo, viajes, hosteler\u00eda, en el que a\u00a0trav\u00e9s del tour virtual podemos comprobar los sitios que podemos visitar o el establecimiento\u00a0en el que nos vamos a alojar y comer; en el \u00e1mbito del comercio donde podemos mostrar la\u00a0tienda y el producto que se ofrece al cliente, combin\u00e1ndolo con las tiendas virtuales\u00a0existentes, estos tours virtuales pueden ser enriquecidos a\u00f1adiendo a los mismos archivos de\u00a0v\u00eddeo, audio, gr\u00e1ficos, geolocalizaci\u00f3n, enlaces web, etc.<\/p>\n<div id=\"attachment_966\" style=\"width: 594px\" class=\"wp-caption aligncenter\"><a href=\"https:\/\/ejeatb.es\/360\/azuara-gc\/index.html\"><img data-recalc-dims=\"1\" loading=\"lazy\" decoding=\"async\" aria-describedby=\"caption-attachment-966\" data-attachment-id=\"966\" data-permalink=\"https:\/\/www.ejeatb.es\/?attachment_id=966\" data-orig-file=\"https:\/\/i0.wp.com\/www.ejeatb.es\/wp-content\/uploads\/2023\/04\/AZUARA-GC-scaled.jpg?fit=2560%2C1446&amp;ssl=1\" data-orig-size=\"2560,1446\" data-comments-opened=\"0\" data-image-meta=\"{&quot;aperture&quot;:&quot;0&quot;,&quot;credit&quot;:&quot;&quot;,&quot;camera&quot;:&quot;&quot;,&quot;caption&quot;:&quot;&quot;,&quot;created_timestamp&quot;:&quot;0&quot;,&quot;copyright&quot;:&quot;&quot;,&quot;focal_length&quot;:&quot;0&quot;,&quot;iso&quot;:&quot;0&quot;,&quot;shutter_speed&quot;:&quot;0&quot;,&quot;title&quot;:&quot;&quot;,&quot;orientation&quot;:&quot;0&quot;}\" data-image-title=\"AZUARA-GC\" data-image-description=\"&lt;p&gt;Esta es una exposici\u00f3n, referida hechos y circunstancias ocurridos en Azuara durante la Guerra Civil 1936-1939, recopilador por Miguel Marco.&lt;\/p&gt;\n\" data-image-caption=\"&lt;p&gt;Homenaje a las V\u00edctimas, Azuara 1936-1939&lt;\/p&gt;\n\" data-medium-file=\"https:\/\/i0.wp.com\/www.ejeatb.es\/wp-content\/uploads\/2023\/04\/AZUARA-GC-scaled.jpg?fit=500%2C283&amp;ssl=1\" data-large-file=\"https:\/\/i0.wp.com\/www.ejeatb.es\/wp-content\/uploads\/2023\/04\/AZUARA-GC-scaled.jpg?fit=584%2C330&amp;ssl=1\" class=\"wp-image-966 size-large\" src=\"https:\/\/i0.wp.com\/www.ejeatb.es\/wp-content\/uploads\/2023\/04\/AZUARA-GC.jpg?resize=584%2C330&#038;ssl=1\" alt=\"\" width=\"584\" height=\"330\" srcset=\"https:\/\/i0.wp.com\/www.ejeatb.es\/wp-content\/uploads\/2023\/04\/AZUARA-GC-scaled.jpg?resize=1024%2C579&amp;ssl=1 1024w, https:\/\/i0.wp.com\/www.ejeatb.es\/wp-content\/uploads\/2023\/04\/AZUARA-GC-scaled.jpg?resize=500%2C283&amp;ssl=1 500w, https:\/\/i0.wp.com\/www.ejeatb.es\/wp-content\/uploads\/2023\/04\/AZUARA-GC-scaled.jpg?resize=768%2C434&amp;ssl=1 768w, https:\/\/i0.wp.com\/www.ejeatb.es\/wp-content\/uploads\/2023\/04\/AZUARA-GC-scaled.jpg?resize=1536%2C868&amp;ssl=1 1536w, https:\/\/i0.wp.com\/www.ejeatb.es\/wp-content\/uploads\/2023\/04\/AZUARA-GC-scaled.jpg?resize=2048%2C1157&amp;ssl=1 2048w, https:\/\/i0.wp.com\/www.ejeatb.es\/wp-content\/uploads\/2023\/04\/AZUARA-GC-scaled.jpg?w=1168&amp;ssl=1 1168w, https:\/\/i0.wp.com\/www.ejeatb.es\/wp-content\/uploads\/2023\/04\/AZUARA-GC-scaled.jpg?w=1752&amp;ssl=1 1752w\" sizes=\"auto, (max-width: 584px) 100vw, 584px\" \/><\/a><p id=\"caption-attachment-966\" class=\"wp-caption-text\">Homenaje a las V\u00edctimas, Azuara 1936-1939. Se trata del tour virtual de una exposici\u00f3n que contempla los datos y circunstancias ocurridas en Azuara durante la Guerra Civil, informaci\u00f3n compuesta por textos, gr\u00e1ficos y fotograf\u00edas, recopilada por Miguel Marco.<\/p><\/div>\n<div id=\"attachment_757\" style=\"width: 910px\" class=\"wp-caption aligncenter\"><a href=\"https:\/\/ejeatb.es\/360\/expo-ejea\/index.htm\" target=\"_blank\" rel=\"noopener noreferrer\"><img data-recalc-dims=\"1\" loading=\"lazy\" decoding=\"async\" aria-describedby=\"caption-attachment-757\" data-attachment-id=\"757\" data-permalink=\"https:\/\/www.ejeatb.es\/?attachment_id=757\" data-orig-file=\"https:\/\/i0.wp.com\/www.ejeatb.es\/wp-content\/uploads\/2019\/12\/EXPO-EJEA-900.jpg?fit=900%2C506&amp;ssl=1\" data-orig-size=\"900,506\" data-comments-opened=\"0\" data-image-meta=\"{&quot;aperture&quot;:&quot;0&quot;,&quot;credit&quot;:&quot;&quot;,&quot;camera&quot;:&quot;&quot;,&quot;caption&quot;:&quot;&quot;,&quot;created_timestamp&quot;:&quot;0&quot;,&quot;copyright&quot;:&quot;&quot;,&quot;focal_length&quot;:&quot;0&quot;,&quot;iso&quot;:&quot;0&quot;,&quot;shutter_speed&quot;:&quot;0&quot;,&quot;title&quot;:&quot;&quot;,&quot;orientation&quot;:&quot;1&quot;}\" data-image-title=\"EXPO-EJEA-900\" data-image-description=\"&lt;p&gt;Tou virtual realizado para el Ayuntamiento de Ejea de los Caballeros, con motivo del I Centenario de la inauguraci\u00f3n de su ensanche.&lt;\/p&gt;\n\" data-image-caption=\"&lt;p&gt;Ejea: Proyectos y Realizadades&lt;\/p&gt;\n\" data-medium-file=\"https:\/\/i0.wp.com\/www.ejeatb.es\/wp-content\/uploads\/2019\/12\/EXPO-EJEA-900.jpg?fit=500%2C281&amp;ssl=1\" data-large-file=\"https:\/\/i0.wp.com\/www.ejeatb.es\/wp-content\/uploads\/2019\/12\/EXPO-EJEA-900.jpg?fit=584%2C328&amp;ssl=1\" class=\"wp-image-757 size-full\" src=\"https:\/\/i0.wp.com\/www.ejeatb.es\/wp-content\/uploads\/2019\/12\/EXPO-EJEA-900.jpg?resize=584%2C328&#038;ssl=1\" alt=\"A trav\u00e9s de este enlace\" width=\"584\" height=\"328\" srcset=\"https:\/\/i0.wp.com\/www.ejeatb.es\/wp-content\/uploads\/2019\/12\/EXPO-EJEA-900.jpg?w=900&amp;ssl=1 900w, https:\/\/i0.wp.com\/www.ejeatb.es\/wp-content\/uploads\/2019\/12\/EXPO-EJEA-900.jpg?resize=500%2C281&amp;ssl=1 500w, https:\/\/i0.wp.com\/www.ejeatb.es\/wp-content\/uploads\/2019\/12\/EXPO-EJEA-900.jpg?resize=768%2C432&amp;ssl=1 768w\" sizes=\"auto, (max-width: 584px) 100vw, 584px\" \/><\/a><p id=\"caption-attachment-757\" class=\"wp-caption-text\">Ejea: Proyectos y Realidades. Es la visita virtual de la exposici\u00f3n realizada por el Ayuntamiento de Ejea de los Caballeros, con motivo de la celebraci\u00f3n del I Centenario de la inauguraci\u00f3n de su ensanche. La visualizaci\u00f3n de esta visita virtual se complementa con la visualizaci\u00f3n a trav\u00e9s de gafas VR, pudiendo interactuar sobre los elementos expositivos, siendo una experiencia todav\u00eda mas inmersiva. Algunas de las grandes ventajas de la visita virtual, es el poder contemplar detalles que incluso in situ, pasan desapercibidos, as\u00ed como el hecho de que queda accesible de forma indefinida a modo de archivo, libremente desde su hiperenlace.<\/p><\/div>\n<div id=\"attachment_754\" style=\"width: 910px\" class=\"wp-caption alignleft\"><a href=\"https:\/\/ejeatb.es\/360\/santa-maria.html\"><img data-recalc-dims=\"1\" loading=\"lazy\" decoding=\"async\" aria-describedby=\"caption-attachment-754\" data-attachment-id=\"754\" data-permalink=\"https:\/\/www.ejeatb.es\/?attachment_id=754\" data-orig-file=\"https:\/\/i0.wp.com\/www.ejeatb.es\/wp-content\/uploads\/2019\/12\/Santa-Maria.png?fit=900%2C362&amp;ssl=1\" data-orig-size=\"900,362\" data-comments-opened=\"0\" data-image-meta=\"{&quot;aperture&quot;:&quot;0&quot;,&quot;credit&quot;:&quot;&quot;,&quot;camera&quot;:&quot;&quot;,&quot;caption&quot;:&quot;&quot;,&quot;created_timestamp&quot;:&quot;0&quot;,&quot;copyright&quot;:&quot;&quot;,&quot;focal_length&quot;:&quot;0&quot;,&quot;iso&quot;:&quot;0&quot;,&quot;shutter_speed&quot;:&quot;0&quot;,&quot;title&quot;:&quot;&quot;,&quot;orientation&quot;:&quot;0&quot;}\" data-image-title=\"Santa-Maria\" data-image-description=\"\" data-image-caption=\"\" data-medium-file=\"https:\/\/i0.wp.com\/www.ejeatb.es\/wp-content\/uploads\/2019\/12\/Santa-Maria.png?fit=500%2C201&amp;ssl=1\" data-large-file=\"https:\/\/i0.wp.com\/www.ejeatb.es\/wp-content\/uploads\/2019\/12\/Santa-Maria.png?fit=584%2C235&amp;ssl=1\" class=\"wp-image-754 size-full\" src=\"https:\/\/i0.wp.com\/www.ejeatb.es\/wp-content\/uploads\/2019\/12\/Santa-Maria.png?resize=584%2C235&#038;ssl=1\" alt=\"\" width=\"584\" height=\"235\" srcset=\"https:\/\/i0.wp.com\/www.ejeatb.es\/wp-content\/uploads\/2019\/12\/Santa-Maria.png?w=900&amp;ssl=1 900w, https:\/\/i0.wp.com\/www.ejeatb.es\/wp-content\/uploads\/2019\/12\/Santa-Maria.png?resize=500%2C201&amp;ssl=1 500w, https:\/\/i0.wp.com\/www.ejeatb.es\/wp-content\/uploads\/2019\/12\/Santa-Maria.png?resize=768%2C309&amp;ssl=1 768w\" sizes=\"auto, (max-width: 584px) 100vw, 584px\" \/><\/a><p id=\"caption-attachment-754\" class=\"wp-caption-text\">Tour virtual de la Iglesia de Santa Mar\u00eda de La Corona, en Ejea de los Caballeros (Zaragoza).<\/p><\/div>\n<p style=\"text-align: justify;\">\n<div id=\"attachment_342\" style=\"width: 650px\" class=\"wp-caption alignnone\"><a href=\"https:\/\/www.ejeatb.es\/360\/bolaso.html\" target=\"_blank\" rel=\"noopener noreferrer\"><img data-recalc-dims=\"1\" loading=\"lazy\" decoding=\"async\" aria-describedby=\"caption-attachment-342\" data-attachment-id=\"342\" data-permalink=\"https:\/\/www.ejeatb.es\/?attachment_id=342\" data-orig-file=\"https:\/\/i0.wp.com\/www.ejeatb.es\/wp-content\/uploads\/2013\/12\/cabecera_blog_bolaso.jpg?fit=640%2C145&amp;ssl=1\" data-orig-size=\"640,145\" data-comments-opened=\"0\" data-image-meta=\"{&quot;aperture&quot;:&quot;0&quot;,&quot;credit&quot;:&quot;&quot;,&quot;camera&quot;:&quot;&quot;,&quot;caption&quot;:&quot;&quot;,&quot;created_timestamp&quot;:&quot;0&quot;,&quot;copyright&quot;:&quot;&quot;,&quot;focal_length&quot;:&quot;0&quot;,&quot;iso&quot;:&quot;0&quot;,&quot;shutter_speed&quot;:&quot;0&quot;,&quot;title&quot;:&quot;&quot;,&quot;orientation&quot;:&quot;0&quot;}\" data-image-title=\"cabecera_blog_bolaso\" data-image-description=\"\" data-image-caption=\"\" data-medium-file=\"https:\/\/i0.wp.com\/www.ejeatb.es\/wp-content\/uploads\/2013\/12\/cabecera_blog_bolaso.jpg?fit=500%2C113&amp;ssl=1\" data-large-file=\"https:\/\/i0.wp.com\/www.ejeatb.es\/wp-content\/uploads\/2013\/12\/cabecera_blog_bolaso.jpg?fit=584%2C132&amp;ssl=1\" class=\"wp-image-342 size-full\" src=\"https:\/\/i0.wp.com\/www.ejeatb.es\/wp-content\/uploads\/2013\/12\/cabecera_blog_bolaso.jpg?resize=584%2C132&#038;ssl=1\" alt=\"cabecera_blog_bolaso\" width=\"584\" height=\"132\" srcset=\"https:\/\/i0.wp.com\/www.ejeatb.es\/wp-content\/uploads\/2013\/12\/cabecera_blog_bolaso.jpg?w=640&amp;ssl=1 640w, https:\/\/i0.wp.com\/www.ejeatb.es\/wp-content\/uploads\/2013\/12\/cabecera_blog_bolaso.jpg?resize=500%2C113&amp;ssl=1 500w\" sizes=\"auto, (max-width: 584px) 100vw, 584px\" \/><\/a><p id=\"caption-attachment-342\" class=\"wp-caption-text\">Tour virtual complejo &#8220;El Bolaso&#8221;, en Ejea de los Caballeros.<\/p><\/div>\n<div id=\"attachment_964\" style=\"width: 594px\" class=\"wp-caption aligncenter\"><a href=\"https:\/\/www.ejeatb.es\/360\/MARCOS.html\"><img data-recalc-dims=\"1\" loading=\"lazy\" decoding=\"async\" aria-describedby=\"caption-attachment-964\" data-attachment-id=\"964\" data-permalink=\"https:\/\/www.ejeatb.es\/?attachment_id=964\" data-orig-file=\"https:\/\/i0.wp.com\/www.ejeatb.es\/wp-content\/uploads\/2023\/04\/2023-04-24_11-09-47.jpg?fit=1907%2C1521&amp;ssl=1\" data-orig-size=\"1907,1521\" data-comments-opened=\"0\" data-image-meta=\"{&quot;aperture&quot;:&quot;0&quot;,&quot;credit&quot;:&quot;&quot;,&quot;camera&quot;:&quot;&quot;,&quot;caption&quot;:&quot;&quot;,&quot;created_timestamp&quot;:&quot;0&quot;,&quot;copyright&quot;:&quot;&quot;,&quot;focal_length&quot;:&quot;0&quot;,&quot;iso&quot;:&quot;0&quot;,&quot;shutter_speed&quot;:&quot;0&quot;,&quot;title&quot;:&quot;&quot;,&quot;orientation&quot;:&quot;0&quot;}\" data-image-title=\"2023-04-24_11-09-47\" data-image-description=\"\" data-image-caption=\"\" data-medium-file=\"https:\/\/i0.wp.com\/www.ejeatb.es\/wp-content\/uploads\/2023\/04\/2023-04-24_11-09-47.jpg?fit=376%2C300&amp;ssl=1\" data-large-file=\"https:\/\/i0.wp.com\/www.ejeatb.es\/wp-content\/uploads\/2023\/04\/2023-04-24_11-09-47.jpg?fit=584%2C466&amp;ssl=1\" class=\"wp-image-964 size-large\" src=\"https:\/\/i0.wp.com\/www.ejeatb.es\/wp-content\/uploads\/2023\/04\/2023-04-24_11-09-47.jpg?resize=584%2C466&#038;ssl=1\" alt=\"\" width=\"584\" height=\"466\" srcset=\"https:\/\/i0.wp.com\/www.ejeatb.es\/wp-content\/uploads\/2023\/04\/2023-04-24_11-09-47.jpg?resize=1024%2C817&amp;ssl=1 1024w, https:\/\/i0.wp.com\/www.ejeatb.es\/wp-content\/uploads\/2023\/04\/2023-04-24_11-09-47.jpg?resize=376%2C300&amp;ssl=1 376w, https:\/\/i0.wp.com\/www.ejeatb.es\/wp-content\/uploads\/2023\/04\/2023-04-24_11-09-47.jpg?resize=768%2C613&amp;ssl=1 768w, https:\/\/i0.wp.com\/www.ejeatb.es\/wp-content\/uploads\/2023\/04\/2023-04-24_11-09-47.jpg?resize=1536%2C1225&amp;ssl=1 1536w, https:\/\/i0.wp.com\/www.ejeatb.es\/wp-content\/uploads\/2023\/04\/2023-04-24_11-09-47.jpg?w=1907&amp;ssl=1 1907w, https:\/\/i0.wp.com\/www.ejeatb.es\/wp-content\/uploads\/2023\/04\/2023-04-24_11-09-47.jpg?w=1168&amp;ssl=1 1168w, https:\/\/i0.wp.com\/www.ejeatb.es\/wp-content\/uploads\/2023\/04\/2023-04-24_11-09-47.jpg?w=1752&amp;ssl=1 1752w\" sizes=\"auto, (max-width: 584px) 100vw, 584px\" \/><\/a><p id=\"caption-attachment-964\" class=\"wp-caption-text\">Exposici\u00f3n del artista \u00c1ngel Marcos, en el Sal\u00f3n Parroquial de Ejea de los Caballeros del 27 al 1 de junio de 2014.<\/p><\/div>\n<p style=\"text-align: justify;\">\n<div id=\"attachment_64\" style=\"width: 523px\" class=\"wp-caption alignnone\"><a title=\"Museo Etnol\u00f3gico &quot;Miguel Long\u00e1s&quot;\" href=\"http:\/\/ejeatb.es\/360\/museo.html\" target=\"_blank\" rel=\"noopener noreferrer\"><img data-recalc-dims=\"1\" loading=\"lazy\" decoding=\"async\" aria-describedby=\"caption-attachment-64\" data-attachment-id=\"64\" data-permalink=\"https:\/\/www.ejeatb.es\/?attachment_id=64\" data-orig-file=\"https:\/\/i0.wp.com\/www.ejeatb.es\/wp-content\/uploads\/2013\/12\/alcabor.png?fit=400%2C168&amp;ssl=1\" data-orig-size=\"400,168\" data-comments-opened=\"1\" data-image-meta=\"{&quot;aperture&quot;:&quot;0&quot;,&quot;credit&quot;:&quot;&quot;,&quot;camera&quot;:&quot;&quot;,&quot;caption&quot;:&quot;&quot;,&quot;created_timestamp&quot;:&quot;0&quot;,&quot;copyright&quot;:&quot;&quot;,&quot;focal_length&quot;:&quot;0&quot;,&quot;iso&quot;:&quot;0&quot;,&quot;shutter_speed&quot;:&quot;0&quot;,&quot;title&quot;:&quot;&quot;}\" data-image-title=\"alcabor\" data-image-description=\"\" data-image-caption=\"\" data-medium-file=\"https:\/\/i0.wp.com\/www.ejeatb.es\/wp-content\/uploads\/2013\/12\/alcabor.png?fit=400%2C168&amp;ssl=1\" data-large-file=\"https:\/\/i0.wp.com\/www.ejeatb.es\/wp-content\/uploads\/2013\/12\/alcabor.png?fit=400%2C168&amp;ssl=1\" class=\"wp-image-64\" src=\"https:\/\/i0.wp.com\/www.ejeatb.es\/wp-content\/uploads\/2013\/12\/alcabor.png?resize=513%2C215&#038;ssl=1\" alt=\"alcabor\" width=\"513\" height=\"215\" \/><\/a><p id=\"caption-attachment-64\" class=\"wp-caption-text\">Visita virtual del Museo Etnol\u00f3gico &#8220;Miguel Long\u00e1s&#8221;, en Ejea de los Caballeros, (Zaragoza)<\/p><\/div>\n<p>.<\/p>\n<div id=\"attachment_152\" style=\"width: 541px\" class=\"wp-caption alignnone\"><a href=\"https:\/\/www.ejeatb.es\/360\/sanagustin.html\" target=\"_blank\" rel=\"noopener noreferrer\"><img data-recalc-dims=\"1\" loading=\"lazy\" decoding=\"async\" aria-describedby=\"caption-attachment-152\" data-attachment-id=\"152\" data-permalink=\"https:\/\/www.ejeatb.es\/?attachment_id=152\" data-orig-file=\"https:\/\/i0.wp.com\/www.ejeatb.es\/wp-content\/uploads\/2013\/12\/sanagustin.jpg?fit=400%2C174&amp;ssl=1\" data-orig-size=\"400,174\" data-comments-opened=\"0\" data-image-meta=\"{&quot;aperture&quot;:&quot;0&quot;,&quot;credit&quot;:&quot;&quot;,&quot;camera&quot;:&quot;&quot;,&quot;caption&quot;:&quot;&quot;,&quot;created_timestamp&quot;:&quot;0&quot;,&quot;copyright&quot;:&quot;&quot;,&quot;focal_length&quot;:&quot;0&quot;,&quot;iso&quot;:&quot;0&quot;,&quot;shutter_speed&quot;:&quot;0&quot;,&quot;title&quot;:&quot;&quot;}\" data-image-title=\"sanagustin\" data-image-description=\"\" data-image-caption=\"\" data-medium-file=\"https:\/\/i0.wp.com\/www.ejeatb.es\/wp-content\/uploads\/2013\/12\/sanagustin.jpg?fit=400%2C174&amp;ssl=1\" data-large-file=\"https:\/\/i0.wp.com\/www.ejeatb.es\/wp-content\/uploads\/2013\/12\/sanagustin.jpg?fit=400%2C174&amp;ssl=1\" class=\"wp-image-152\" src=\"https:\/\/i0.wp.com\/www.ejeatb.es\/wp-content\/uploads\/2013\/12\/sanagustin.jpg?resize=531%2C231&#038;ssl=1\" alt=\"sanagustin\" width=\"531\" height=\"231\" \/><\/a><p id=\"caption-attachment-152\" class=\"wp-caption-text\">Iglesia de San Agust\u00edn, Bechite viejo<\/p><\/div>\n","protected":false},"excerpt":{"rendered":"<p>\u00a0 El Tour Virtual \u00a0o visitas virtuales, es una de las herramientas mas eficaces para la visualizaci\u00f3n interactiva\u00a0de todo tipo de lugares y localizaciones. Las panor\u00e1micas basadas en fotograf\u00eda esf\u00e9rica 360\u00ba\u00a0permiten una visibilidad 100% en todas direcciones, permitiendo al observador &hellip; <a href=\"https:\/\/www.ejeatb.es\/?page_id=63\">Sigue leyendo <span class=\"meta-nav\">&rarr;<\/span><\/a><\/p>\n","protected":false},"author":1,"featured_media":0,"parent":0,"menu_order":0,"comment_status":"closed","ping_status":"closed","template":"","meta":{"jetpack_post_was_ever_published":false,"footnotes":""},"class_list":["post-63","page","type-page","status-publish","hentry"],"jetpack_sharing_enabled":true,"jetpack_shortlink":"https:\/\/wp.me\/P9mDtv-11","jetpack_likes_enabled":true,"jetpack-related-posts":[],"_links":{"self":[{"href":"https:\/\/www.ejeatb.es\/index.php?rest_route=\/wp\/v2\/pages\/63","targetHints":{"allow":["GET"]}}],"collection":[{"href":"https:\/\/www.ejeatb.es\/index.php?rest_route=\/wp\/v2\/pages"}],"about":[{"href":"https:\/\/www.ejeatb.es\/index.php?rest_route=\/wp\/v2\/types\/page"}],"author":[{"embeddable":true,"href":"https:\/\/www.ejeatb.es\/index.php?rest_route=\/wp\/v2\/users\/1"}],"replies":[{"embeddable":true,"href":"https:\/\/www.ejeatb.es\/index.php?rest_route=%2Fwp%2Fv2%2Fcomments&post=63"}],"version-history":[{"count":55,"href":"https:\/\/www.ejeatb.es\/index.php?rest_route=\/wp\/v2\/pages\/63\/revisions"}],"predecessor-version":[{"id":977,"href":"https:\/\/www.ejeatb.es\/index.php?rest_route=\/wp\/v2\/pages\/63\/revisions\/977"}],"wp:attachment":[{"href":"https:\/\/www.ejeatb.es\/index.php?rest_route=%2Fwp%2Fv2%2Fmedia&parent=63"}],"curies":[{"name":"wp","href":"https:\/\/api.w.org\/{rel}","templated":true}]}}