{"id":363,"date":"2015-12-04T10:55:13","date_gmt":"2015-12-04T10:55:13","guid":{"rendered":"http:\/\/www.ejeatb.es\/?page_id=363"},"modified":"2015-12-04T23:23:39","modified_gmt":"2015-12-04T23:23:39","slug":"time-lapses","status":"publish","type":"page","link":"https:\/\/www.ejeatb.es\/?page_id=363","title":{"rendered":"Time Lapses"},"content":{"rendered":"<p style=\"text-align: justify;\">El Time Lapse,\u00a0seg\u00fan Wikipedia es,\u00a0una t\u00e9cnica fotogr\u00e1fica usada en cinematograf\u00eda y fotograf\u00eda para mostrar diferentes motivos o sucesos que por lo general suceden a velocidades muy lentas e imperceptibles al ojo humano. El efecto visual que se logra en el <i>time-lapse<\/i> consiste en que todo lo que se haya capturado se mueva muy r\u00e1pidamente, como puede ser el movimiento de las nubes, la apertura de una flor, una puesta de sol, etc.<\/p>\n<p style=\"text-align: justify;\">Aqui colgamos\u00a0alguno de los que vamos haciendo nosotros.<\/p>\n<p><iframe loading=\"lazy\" title=\"TIME LAPSES EJEA TB\" src=\"https:\/\/player.vimeo.com\/video\/147904062?dnt=1&amp;app_id=122963\" width=\"584\" height=\"329\" frameborder=\"0\" allow=\"autoplay; fullscreen; picture-in-picture; clipboard-write\"><\/iframe><\/p>\n","protected":false},"excerpt":{"rendered":"<p>El Time Lapse,\u00a0seg\u00fan Wikipedia es,\u00a0una t\u00e9cnica fotogr\u00e1fica usada en cinematograf\u00eda y fotograf\u00eda para mostrar diferentes motivos o sucesos que por lo general suceden a velocidades muy lentas e imperceptibles al ojo humano. El efecto visual que se logra en el &hellip; <a href=\"https:\/\/www.ejeatb.es\/?page_id=363\">Sigue leyendo <span class=\"meta-nav\">&rarr;<\/span><\/a><\/p>\n","protected":false},"author":1,"featured_media":0,"parent":0,"menu_order":0,"comment_status":"closed","ping_status":"closed","template":"","meta":{"jetpack_post_was_ever_published":false,"footnotes":""},"class_list":["post-363","page","type-page","status-publish","hentry"],"jetpack_sharing_enabled":true,"jetpack_shortlink":"https:\/\/wp.me\/P9mDtv-5R","jetpack_likes_enabled":true,"jetpack-related-posts":[],"_links":{"self":[{"href":"https:\/\/www.ejeatb.es\/index.php?rest_route=\/wp\/v2\/pages\/363","targetHints":{"allow":["GET"]}}],"collection":[{"href":"https:\/\/www.ejeatb.es\/index.php?rest_route=\/wp\/v2\/pages"}],"about":[{"href":"https:\/\/www.ejeatb.es\/index.php?rest_route=\/wp\/v2\/types\/page"}],"author":[{"embeddable":true,"href":"https:\/\/www.ejeatb.es\/index.php?rest_route=\/wp\/v2\/users\/1"}],"replies":[{"embeddable":true,"href":"https:\/\/www.ejeatb.es\/index.php?rest_route=%2Fwp%2Fv2%2Fcomments&post=363"}],"version-history":[{"count":5,"href":"https:\/\/www.ejeatb.es\/index.php?rest_route=\/wp\/v2\/pages\/363\/revisions"}],"predecessor-version":[{"id":369,"href":"https:\/\/www.ejeatb.es\/index.php?rest_route=\/wp\/v2\/pages\/363\/revisions\/369"}],"wp:attachment":[{"href":"https:\/\/www.ejeatb.es\/index.php?rest_route=%2Fwp%2Fv2%2Fmedia&parent=363"}],"curies":[{"name":"wp","href":"https:\/\/api.w.org\/{rel}","templated":true}]}}