{"id":28,"date":"2013-10-07T09:20:43","date_gmt":"2013-10-07T09:20:43","guid":{"rendered":"http:\/\/www.ejeatb.es\/?page_id=28"},"modified":"2019-05-18T12:36:06","modified_gmt":"2019-05-18T12:36:06","slug":"video","status":"publish","type":"page","link":"https:\/\/www.ejeatb.es\/?page_id=28","title":{"rendered":"V\u00eddeo"},"content":{"rendered":"<p>Canal de v\u00eddeo de Ejea TB<\/p>\n<p><a href=\"https:\/\/vimeo.com\/channels\/ejeatb\" target=\"_blank\" rel=\"noopener noreferrer\"><img data-recalc-dims=\"1\" loading=\"lazy\" decoding=\"async\" data-attachment-id=\"109\" data-permalink=\"https:\/\/www.ejeatb.es\/?attachment_id=109\" data-orig-file=\"https:\/\/i0.wp.com\/www.ejeatb.es\/wp-content\/uploads\/2013\/10\/BANER-EJEATB22.jpg?fit=980%2C250&amp;ssl=1\" data-orig-size=\"980,250\" data-comments-opened=\"0\" data-image-meta=\"{&quot;aperture&quot;:&quot;0&quot;,&quot;credit&quot;:&quot;&quot;,&quot;camera&quot;:&quot;&quot;,&quot;caption&quot;:&quot;&quot;,&quot;created_timestamp&quot;:&quot;0&quot;,&quot;copyright&quot;:&quot;&quot;,&quot;focal_length&quot;:&quot;0&quot;,&quot;iso&quot;:&quot;0&quot;,&quot;shutter_speed&quot;:&quot;0&quot;,&quot;title&quot;:&quot;&quot;}\" data-image-title=\"BANER EJEATB22\" data-image-description=\"\" data-image-caption=\"\" data-medium-file=\"https:\/\/i0.wp.com\/www.ejeatb.es\/wp-content\/uploads\/2013\/10\/BANER-EJEATB22.jpg?fit=500%2C127&amp;ssl=1\" data-large-file=\"https:\/\/i0.wp.com\/www.ejeatb.es\/wp-content\/uploads\/2013\/10\/BANER-EJEATB22.jpg?fit=584%2C149&amp;ssl=1\" class=\"alignnone size-medium wp-image-109\" src=\"https:\/\/i0.wp.com\/www.ejeatb.es\/wp-content\/uploads\/2013\/10\/BANER-EJEATB22-500x127.jpg?resize=500%2C127&#038;ssl=1\" alt=\"BANER EJEATB22\" width=\"500\" height=\"127\" srcset=\"https:\/\/i0.wp.com\/www.ejeatb.es\/wp-content\/uploads\/2013\/10\/BANER-EJEATB22.jpg?resize=500%2C127&amp;ssl=1 500w, https:\/\/i0.wp.com\/www.ejeatb.es\/wp-content\/uploads\/2013\/10\/BANER-EJEATB22.jpg?w=980&amp;ssl=1 980w\" sizes=\"auto, (max-width: 500px) 100vw, 500px\" \/><\/a><\/p>\n<p>\u00a0<\/p>\n<p>Canal de v\u00eddeos de boda de Ejea TB<\/p>\n<p>Postboda Diego y \u00dasula.<\/p>\n<p>Gracias a Diego y \u00darsula por confiar en nosotros, EjeaTB, pasamos un d\u00eda de muchas risas, nos lo pasamos genial!!!!! Los novios nos dieron much\u00edsimo juego en este reportaje, son geniales!!!! Espero que os guste este reportaje de la postboda. Besicos pareja, os deseamos toda la felicidad del mundo.\u00a0<\/p>\n\n\n<figure class=\"wp-block-image\"><a href=\"https:\/\/vimeo.com\/336446581\" target=\"_blank\" rel=\"noreferrer noopener\"><img loading=\"lazy\" decoding=\"async\" width=\"1920\" height=\"1080\" data-attachment-id=\"694\" data-permalink=\"https:\/\/www.ejeatb.es\/?attachment_id=694\" data-orig-file=\"https:\/\/i0.wp.com\/www.ejeatb.es\/wp-content\/uploads\/2019\/05\/FS2019-05-18-14h33m03s137.jpg?fit=1920%2C1080&amp;ssl=1\" data-orig-size=\"1920,1080\" data-comments-opened=\"0\" data-image-meta=\"{&quot;aperture&quot;:&quot;0&quot;,&quot;credit&quot;:&quot;&quot;,&quot;camera&quot;:&quot;&quot;,&quot;caption&quot;:&quot;&quot;,&quot;created_timestamp&quot;:&quot;0&quot;,&quot;copyright&quot;:&quot;&quot;,&quot;focal_length&quot;:&quot;0&quot;,&quot;iso&quot;:&quot;0&quot;,&quot;shutter_speed&quot;:&quot;0&quot;,&quot;title&quot;:&quot;&quot;,&quot;orientation&quot;:&quot;0&quot;}\" data-image-title=\"FS2019-05-18-14h33m03s137\" data-image-description=\"\" data-image-caption=\"\" data-medium-file=\"https:\/\/i0.wp.com\/www.ejeatb.es\/wp-content\/uploads\/2019\/05\/FS2019-05-18-14h33m03s137.jpg?fit=500%2C281&amp;ssl=1\" data-large-file=\"https:\/\/i0.wp.com\/www.ejeatb.es\/wp-content\/uploads\/2019\/05\/FS2019-05-18-14h33m03s137.jpg?fit=584%2C329&amp;ssl=1\" src=\"https:\/\/i2.wp.com\/www.ejeatb.es\/wp-content\/uploads\/2019\/05\/FS2019-05-18-14h33m03s137.jpg?fit=584%2C329\" alt=\"\" class=\"wp-image-694\" srcset=\"https:\/\/i0.wp.com\/www.ejeatb.es\/wp-content\/uploads\/2019\/05\/FS2019-05-18-14h33m03s137.jpg?w=1920&amp;ssl=1 1920w, https:\/\/i0.wp.com\/www.ejeatb.es\/wp-content\/uploads\/2019\/05\/FS2019-05-18-14h33m03s137.jpg?resize=500%2C281&amp;ssl=1 500w, https:\/\/i0.wp.com\/www.ejeatb.es\/wp-content\/uploads\/2019\/05\/FS2019-05-18-14h33m03s137.jpg?resize=768%2C432&amp;ssl=1 768w, https:\/\/i0.wp.com\/www.ejeatb.es\/wp-content\/uploads\/2019\/05\/FS2019-05-18-14h33m03s137.jpg?resize=1024%2C576&amp;ssl=1 1024w, https:\/\/i0.wp.com\/www.ejeatb.es\/wp-content\/uploads\/2019\/05\/FS2019-05-18-14h33m03s137.jpg?w=1168&amp;ssl=1 1168w, https:\/\/i0.wp.com\/www.ejeatb.es\/wp-content\/uploads\/2019\/05\/FS2019-05-18-14h33m03s137.jpg?w=1752&amp;ssl=1 1752w\" sizes=\"auto, (max-width: 584px) 100vw, 584px\" \/><\/a><\/figure>\n","protected":false},"excerpt":{"rendered":"<p>Canal de v\u00eddeo de Ejea TB \u00a0 Canal de v\u00eddeos de boda de Ejea TB Postboda Diego y \u00dasula. Gracias a Diego y \u00darsula por confiar en nosotros, EjeaTB, pasamos un d\u00eda de muchas risas, nos lo pasamos genial!!!!! Los &hellip; <a href=\"https:\/\/www.ejeatb.es\/?page_id=28\">Sigue leyendo <span class=\"meta-nav\">&rarr;<\/span><\/a><\/p>\n","protected":false},"author":1,"featured_media":0,"parent":0,"menu_order":0,"comment_status":"closed","ping_status":"closed","template":"","meta":{"jetpack_post_was_ever_published":false,"footnotes":""},"class_list":["post-28","page","type-page","status-publish","hentry"],"jetpack_sharing_enabled":true,"jetpack_shortlink":"https:\/\/wp.me\/P9mDtv-s","jetpack_likes_enabled":true,"jetpack-related-posts":[],"_links":{"self":[{"href":"https:\/\/www.ejeatb.es\/index.php?rest_route=\/wp\/v2\/pages\/28","targetHints":{"allow":["GET"]}}],"collection":[{"href":"https:\/\/www.ejeatb.es\/index.php?rest_route=\/wp\/v2\/pages"}],"about":[{"href":"https:\/\/www.ejeatb.es\/index.php?rest_route=\/wp\/v2\/types\/page"}],"author":[{"embeddable":true,"href":"https:\/\/www.ejeatb.es\/index.php?rest_route=\/wp\/v2\/users\/1"}],"replies":[{"embeddable":true,"href":"https:\/\/www.ejeatb.es\/index.php?rest_route=%2Fwp%2Fv2%2Fcomments&post=28"}],"version-history":[{"count":8,"href":"https:\/\/www.ejeatb.es\/index.php?rest_route=\/wp\/v2\/pages\/28\/revisions"}],"predecessor-version":[{"id":695,"href":"https:\/\/www.ejeatb.es\/index.php?rest_route=\/wp\/v2\/pages\/28\/revisions\/695"}],"wp:attachment":[{"href":"https:\/\/www.ejeatb.es\/index.php?rest_route=%2Fwp%2Fv2%2Fmedia&parent=28"}],"curies":[{"name":"wp","href":"https:\/\/api.w.org\/{rel}","templated":true}]}}