{"id":26,"date":"2013-10-07T09:20:33","date_gmt":"2013-10-07T09:20:33","guid":{"rendered":"http:\/\/www.ejeatb.es\/?page_id=26"},"modified":"2023-10-23T16:51:41","modified_gmt":"2023-10-23T16:51:41","slug":"fotografia","status":"publish","type":"page","link":"https:\/\/www.ejeatb.es\/?page_id=26","title":{"rendered":"Fotograf\u00eda"},"content":{"rendered":"<p>Fotos de Alberto para su Comuni\u00f3n.<\/p>\n<p><a href=\"https:\/\/goo.gl\/photos\/XErbQx5Ed5TYRMT39\"><img data-recalc-dims=\"1\" loading=\"lazy\" decoding=\"async\" data-attachment-id=\"468\" data-permalink=\"https:\/\/www.ejeatb.es\/?attachment_id=468\" data-orig-file=\"https:\/\/i0.wp.com\/www.ejeatb.es\/wp-content\/uploads\/2013\/10\/MG_2856.jpg?fit=500%2C280&amp;ssl=1\" data-orig-size=\"500,280\" data-comments-opened=\"0\" data-image-meta=\"{&quot;aperture&quot;:&quot;2.8&quot;,&quot;credit&quot;:&quot;Jose Lezcano&quot;,&quot;camera&quot;:&quot;Canon EOS 7D&quot;,&quot;caption&quot;:&quot;&quot;,&quot;created_timestamp&quot;:&quot;1491839458&quot;,&quot;copyright&quot;:&quot;EJEA TB&quot;,&quot;focal_length&quot;:&quot;115&quot;,&quot;iso&quot;:&quot;100&quot;,&quot;shutter_speed&quot;:&quot;0.004&quot;,&quot;title&quot;:&quot;&quot;,&quot;orientation&quot;:&quot;1&quot;}\" data-image-title=\"_MG_2856\" data-image-description=\"\" data-image-caption=\"\" data-medium-file=\"https:\/\/i0.wp.com\/www.ejeatb.es\/wp-content\/uploads\/2013\/10\/MG_2856.jpg?fit=500%2C280&amp;ssl=1\" data-large-file=\"https:\/\/i0.wp.com\/www.ejeatb.es\/wp-content\/uploads\/2013\/10\/MG_2856.jpg?fit=500%2C280&amp;ssl=1\" class=\"alignleft size-full wp-image-468\" src=\"https:\/\/i0.wp.com\/www.ejeatb.es\/wp-content\/uploads\/2013\/10\/MG_2856.jpg?resize=500%2C280&#038;ssl=1\" alt=\"\" width=\"500\" height=\"280\" \/><\/a><\/p>\n<\/p>\n\n\n<p><\/p>\n\n\n\n<p><\/p>\n\n\n\n<p><\/p>\n\n\n\n<p><\/p>\n\n\n\n<p>Celia-2013<\/p>\n\n\n\n<figure class=\"wp-block-image size-full is-resized\"><a href=\"https:\/\/goo.gl\/photos\/bE7trFE8arFTTZxB8\"><img data-recalc-dims=\"1\" loading=\"lazy\" decoding=\"async\" width=\"500\" height=\"190\" data-attachment-id=\"471\" data-permalink=\"https:\/\/www.ejeatb.es\/?attachment_id=471\" data-orig-file=\"https:\/\/i0.wp.com\/www.ejeatb.es\/wp-content\/uploads\/2013\/10\/MG_5002_1.jpg?fit=500%2C190&amp;ssl=1\" data-orig-size=\"500,190\" data-comments-opened=\"0\" data-image-meta=\"{&quot;aperture&quot;:&quot;0&quot;,&quot;credit&quot;:&quot;&quot;,&quot;camera&quot;:&quot;&quot;,&quot;caption&quot;:&quot;&quot;,&quot;created_timestamp&quot;:&quot;0&quot;,&quot;copyright&quot;:&quot;&quot;,&quot;focal_length&quot;:&quot;0&quot;,&quot;iso&quot;:&quot;0&quot;,&quot;shutter_speed&quot;:&quot;0&quot;,&quot;title&quot;:&quot;&quot;,&quot;orientation&quot;:&quot;1&quot;}\" data-image-title=\"_MG_5002_1\" data-image-description=\"\" data-image-caption=\"\" data-medium-file=\"https:\/\/i0.wp.com\/www.ejeatb.es\/wp-content\/uploads\/2013\/10\/MG_5002_1.jpg?fit=500%2C190&amp;ssl=1\" data-large-file=\"https:\/\/i0.wp.com\/www.ejeatb.es\/wp-content\/uploads\/2013\/10\/MG_5002_1.jpg?fit=500%2C190&amp;ssl=1\" src=\"https:\/\/i0.wp.com\/www.ejeatb.es\/wp-content\/uploads\/2013\/10\/MG_5002_1.jpg?resize=500%2C190&#038;ssl=1\" alt=\"\" class=\"wp-image-471\" style=\"aspect-ratio:2.6315789473684212;width:653px;height:auto\"\/><\/a><\/figure>\n\n\n\n<p><\/p>\n\n\n\n<p>Gigapanor\u00e1micas<\/p>\n\n\n<p>La gigapanor\u00e1mica, es una t\u00e9cnica mediante la cual podemos hacer fotograf\u00edas que a su vez est\u00e1n compuestas de otras fotograf\u00edas, como si fuera un puzle, de tal forma que podemos construir fotograf\u00edas de grandes dimensiones, bien para imprimir grandes formatos o bien para tener un archivo digital de gran tama\u00f1o y bastante resoluci\u00f3n.<\/p>\n<p>Recientemente hemos realizado varios trabajos con el objetivo de conseguir fotograf\u00edas impresas de grandes dimensiones para conformar un foto-mural. En este\u00a0 caso la superficie se trataba de la pared de la escalera de una casa, de 5,20 metros de ancho por 3,60 de altura, impresa en vinilo semibrillo. <a href=\"http:\/\/ejeatb.es\/360\/STAIR.html\">http:\/\/ejeatb.es\/360\/STAIR.html<\/a><\/p>\n<p><img data-recalc-dims=\"1\" loading=\"lazy\" decoding=\"async\" data-attachment-id=\"727\" data-permalink=\"https:\/\/www.ejeatb.es\/?attachment_id=727\" data-orig-file=\"https:\/\/i0.wp.com\/www.ejeatb.es\/wp-content\/uploads\/2019\/10\/Panorama-POMER-1920.png?fit=1920%2C960&amp;ssl=1\" data-orig-size=\"1920,960\" data-comments-opened=\"0\" data-image-meta=\"{&quot;aperture&quot;:&quot;0&quot;,&quot;credit&quot;:&quot;&quot;,&quot;camera&quot;:&quot;&quot;,&quot;caption&quot;:&quot;&quot;,&quot;created_timestamp&quot;:&quot;0&quot;,&quot;copyright&quot;:&quot;&quot;,&quot;focal_length&quot;:&quot;0&quot;,&quot;iso&quot;:&quot;0&quot;,&quot;shutter_speed&quot;:&quot;0&quot;,&quot;title&quot;:&quot;&quot;,&quot;orientation&quot;:&quot;0&quot;}\" data-image-title=\"Panorama-POMER-1920\" data-image-description=\"\" data-image-caption=\"\" data-medium-file=\"https:\/\/i0.wp.com\/www.ejeatb.es\/wp-content\/uploads\/2019\/10\/Panorama-POMER-1920.png?fit=500%2C250&amp;ssl=1\" data-large-file=\"https:\/\/i0.wp.com\/www.ejeatb.es\/wp-content\/uploads\/2019\/10\/Panorama-POMER-1920.png?fit=584%2C292&amp;ssl=1\" class=\"alignleft size-full wp-image-727\" src=\"https:\/\/i0.wp.com\/www.ejeatb.es\/wp-content\/uploads\/2019\/10\/Panorama-POMER-1920.png?resize=584%2C292&#038;ssl=1\" alt=\"\" width=\"584\" height=\"292\" srcset=\"https:\/\/i0.wp.com\/www.ejeatb.es\/wp-content\/uploads\/2019\/10\/Panorama-POMER-1920.png?w=1920&amp;ssl=1 1920w, https:\/\/i0.wp.com\/www.ejeatb.es\/wp-content\/uploads\/2019\/10\/Panorama-POMER-1920.png?resize=500%2C250&amp;ssl=1 500w, https:\/\/i0.wp.com\/www.ejeatb.es\/wp-content\/uploads\/2019\/10\/Panorama-POMER-1920.png?resize=768%2C384&amp;ssl=1 768w, https:\/\/i0.wp.com\/www.ejeatb.es\/wp-content\/uploads\/2019\/10\/Panorama-POMER-1920.png?resize=1024%2C512&amp;ssl=1 1024w, https:\/\/i0.wp.com\/www.ejeatb.es\/wp-content\/uploads\/2019\/10\/Panorama-POMER-1920.png?w=1168&amp;ssl=1 1168w, https:\/\/i0.wp.com\/www.ejeatb.es\/wp-content\/uploads\/2019\/10\/Panorama-POMER-1920.png?w=1752&amp;ssl=1 1752w\" sizes=\"auto, (max-width: 584px) 100vw, 584px\" \/><\/p>\n<p><!--StartFragment--><\/p>\n<p><!--EndFragment--><\/p>","protected":false},"excerpt":{"rendered":"<p>Fotos de Alberto para su Comuni\u00f3n. Celia-2013 Gigapanor\u00e1micas La gigapanor\u00e1mica, es una t\u00e9cnica mediante la cual podemos hacer fotograf\u00edas que a su vez est\u00e1n compuestas de otras fotograf\u00edas, como si fuera un puzle, de tal forma que podemos construir fotograf\u00edas &hellip; <a href=\"https:\/\/www.ejeatb.es\/?page_id=26\">Sigue leyendo <span class=\"meta-nav\">&rarr;<\/span><\/a><\/p>\n","protected":false},"author":1,"featured_media":0,"parent":0,"menu_order":0,"comment_status":"closed","ping_status":"closed","template":"","meta":{"jetpack_post_was_ever_published":false,"footnotes":""},"class_list":["post-26","page","type-page","status-publish","hentry"],"jetpack_sharing_enabled":true,"jetpack_shortlink":"https:\/\/wp.me\/P9mDtv-q","jetpack_likes_enabled":true,"jetpack-related-posts":[],"_links":{"self":[{"href":"https:\/\/www.ejeatb.es\/index.php?rest_route=\/wp\/v2\/pages\/26","targetHints":{"allow":["GET"]}}],"collection":[{"href":"https:\/\/www.ejeatb.es\/index.php?rest_route=\/wp\/v2\/pages"}],"about":[{"href":"https:\/\/www.ejeatb.es\/index.php?rest_route=\/wp\/v2\/types\/page"}],"author":[{"embeddable":true,"href":"https:\/\/www.ejeatb.es\/index.php?rest_route=\/wp\/v2\/users\/1"}],"replies":[{"embeddable":true,"href":"https:\/\/www.ejeatb.es\/index.php?rest_route=%2Fwp%2Fv2%2Fcomments&post=26"}],"version-history":[{"count":27,"href":"https:\/\/www.ejeatb.es\/index.php?rest_route=\/wp\/v2\/pages\/26\/revisions"}],"predecessor-version":[{"id":1004,"href":"https:\/\/www.ejeatb.es\/index.php?rest_route=\/wp\/v2\/pages\/26\/revisions\/1004"}],"wp:attachment":[{"href":"https:\/\/www.ejeatb.es\/index.php?rest_route=%2Fwp%2Fv2%2Fmedia&parent=26"}],"curies":[{"name":"wp","href":"https:\/\/api.w.org\/{rel}","templated":true}]}}