{"id":2,"date":"2013-10-04T13:19:00","date_gmt":"2013-10-04T13:19:00","guid":{"rendered":"http:\/\/www.ejeatb.es\/?page_id=2"},"modified":"2015-12-05T10:34:42","modified_gmt":"2015-12-05T10:34:42","slug":"pagina-ejemplo","status":"publish","type":"page","link":"https:\/\/www.ejeatb.es\/?page_id=2","title":{"rendered":"Sobre Ejea TB"},"content":{"rendered":"<h1 style=\"text-align: justify;\"><strong>El Audiovisual como herramienta de comunicaci\u00f3n<\/strong><\/h1>\n<p style=\"text-align: justify;\">Ejea TB Producciones Audiovisuales, es una empresa joven, dedicada a la producci\u00f3n audiovisual en general, aunque llevamos mucho tiempo trabajando en este sector, hoy en d\u00eda los sistemas de comunicaci\u00f3n audiovisual existentes, son la mejor herramienta para llegar al p\u00fablico en general o alg\u00fan sector en particular, ya sea con la intenci\u00f3n de entretener, informar, divulgar un producto, transmitir la identidad corporativa de una entidad, etc., la convergencia del audiovisual hace que cada vez est\u00e9n mas cerca la televisi\u00f3n, internet, y la telefon\u00eda m\u00f3vil, as\u00ed como toda la amplia gama de dispositivos capaces de reproducir contenidos audio\/v\u00eddeo y web.<\/p>\n<p style=\"text-align: center;\"><img data-recalc-dims=\"1\" loading=\"lazy\" decoding=\"async\" data-attachment-id=\"117\" data-permalink=\"https:\/\/www.ejeatb.es\/?attachment_id=117\" data-orig-file=\"https:\/\/i0.wp.com\/www.ejeatb.es\/wp-content\/uploads\/2013\/10\/BANER.png?fit=1026%2C236&amp;ssl=1\" data-orig-size=\"1026,236\" data-comments-opened=\"0\" data-image-meta=\"{&quot;aperture&quot;:&quot;0&quot;,&quot;credit&quot;:&quot;&quot;,&quot;camera&quot;:&quot;&quot;,&quot;caption&quot;:&quot;&quot;,&quot;created_timestamp&quot;:&quot;0&quot;,&quot;copyright&quot;:&quot;&quot;,&quot;focal_length&quot;:&quot;0&quot;,&quot;iso&quot;:&quot;0&quot;,&quot;shutter_speed&quot;:&quot;0&quot;,&quot;title&quot;:&quot;&quot;}\" data-image-title=\"BANER\" data-image-description=\"\" data-image-caption=\"\" data-medium-file=\"https:\/\/i0.wp.com\/www.ejeatb.es\/wp-content\/uploads\/2013\/10\/BANER.png?fit=500%2C115&amp;ssl=1\" data-large-file=\"https:\/\/i0.wp.com\/www.ejeatb.es\/wp-content\/uploads\/2013\/10\/BANER.png?fit=584%2C134&amp;ssl=1\" class=\"size-medium wp-image-117 aligncenter\" src=\"https:\/\/i0.wp.com\/www.ejeatb.es\/wp-content\/uploads\/2013\/10\/BANER.png?resize=500%2C115&#038;ssl=1\" alt=\"BANER\" width=\"500\" height=\"115\" srcset=\"https:\/\/i0.wp.com\/www.ejeatb.es\/wp-content\/uploads\/2013\/10\/BANER.png?resize=500%2C115&amp;ssl=1 500w, https:\/\/i0.wp.com\/www.ejeatb.es\/wp-content\/uploads\/2013\/10\/BANER.png?resize=1024%2C235&amp;ssl=1 1024w, https:\/\/i0.wp.com\/www.ejeatb.es\/wp-content\/uploads\/2013\/10\/BANER.png?w=1026&amp;ssl=1 1026w\" sizes=\"auto, (max-width: 500px) 100vw, 500px\" \/><\/p>\n","protected":false},"excerpt":{"rendered":"<p>El Audiovisual como herramienta de comunicaci\u00f3n Ejea TB Producciones Audiovisuales, es una empresa joven, dedicada a la producci\u00f3n audiovisual en general, aunque llevamos mucho tiempo trabajando en este sector, hoy en d\u00eda los sistemas de comunicaci\u00f3n audiovisual existentes, son la &hellip; <a href=\"https:\/\/www.ejeatb.es\/?page_id=2\">Sigue leyendo <span class=\"meta-nav\">&rarr;<\/span><\/a><\/p>\n","protected":false},"author":1,"featured_media":0,"parent":0,"menu_order":0,"comment_status":"closed","ping_status":"closed","template":"","meta":{"jetpack_post_was_ever_published":false,"footnotes":""},"class_list":["post-2","page","type-page","status-publish","hentry"],"jetpack_sharing_enabled":true,"jetpack_shortlink":"https:\/\/wp.me\/P9mDtv-2","jetpack_likes_enabled":true,"jetpack-related-posts":[],"_links":{"self":[{"href":"https:\/\/www.ejeatb.es\/index.php?rest_route=\/wp\/v2\/pages\/2","targetHints":{"allow":["GET"]}}],"collection":[{"href":"https:\/\/www.ejeatb.es\/index.php?rest_route=\/wp\/v2\/pages"}],"about":[{"href":"https:\/\/www.ejeatb.es\/index.php?rest_route=\/wp\/v2\/types\/page"}],"author":[{"embeddable":true,"href":"https:\/\/www.ejeatb.es\/index.php?rest_route=\/wp\/v2\/users\/1"}],"replies":[{"embeddable":true,"href":"https:\/\/www.ejeatb.es\/index.php?rest_route=%2Fwp%2Fv2%2Fcomments&post=2"}],"version-history":[{"count":5,"href":"https:\/\/www.ejeatb.es\/index.php?rest_route=\/wp\/v2\/pages\/2\/revisions"}],"predecessor-version":[{"id":375,"href":"https:\/\/www.ejeatb.es\/index.php?rest_route=\/wp\/v2\/pages\/2\/revisions\/375"}],"wp:attachment":[{"href":"https:\/\/www.ejeatb.es\/index.php?rest_route=%2Fwp%2Fv2%2Fmedia&parent=2"}],"curies":[{"name":"wp","href":"https:\/\/api.w.org\/{rel}","templated":true}]}}